{"id":2116,"date":"2026-05-12T10:43:08","date_gmt":"2026-05-12T13:43:08","guid":{"rendered":"https:\/\/agrozoocred.com.br\/?page_id=2116"},"modified":"2026-05-13T04:11:37","modified_gmt":"2026-05-13T07:11:37","slug":"eventos","status":"publish","type":"page","link":"https:\/\/agrozoocred.com.br\/index.php\/eventos\/","title":{"rendered":"Eventos"},"content":{"rendered":"\t\t<div data-elementor-type=\"wp-page\" data-elementor-id=\"2116\" class=\"elementor elementor-2116\">\n\t\t\t\t<div class=\"elementor-element elementor-element-7e61499 e-con-full e-flex e-con e-parent\" data-id=\"7e61499\" data-element_type=\"container\" data-e-type=\"container\" data-settings=\"{&quot;background_background&quot;:&quot;classic&quot;}\">\n\t\t<div class=\"elementor-element elementor-element-951a6b2 e-con-full e-flex e-con e-child\" data-id=\"951a6b2\" data-element_type=\"container\" data-e-type=\"container\">\n\t\t\t\t<div class=\"elementor-element elementor-element-cea54f9 elementor-widget elementor-widget-heading\" data-id=\"cea54f9\" data-element_type=\"widget\" data-e-type=\"widget\" data-widget_type=\"heading.default\">\n\t\t\t\t<div class=\"elementor-widget-container\">\n\t\t\t\t\t<h2 class=\"elementor-heading-title elementor-size-default\">Agrotins<\/h2>\t\t\t\t<\/div>\n\t\t\t\t<\/div>\n\t\t<div class=\"elementor-element elementor-element-073816d e-con-full e-flex e-con e-child\" data-id=\"073816d\" data-element_type=\"container\" data-e-type=\"container\">\n\t\t\t\t<div class=\"elementor-element elementor-element-b4f5b75 elementor-widget elementor-widget-image\" data-id=\"b4f5b75\" data-element_type=\"widget\" data-e-type=\"widget\" data-widget_type=\"image.default\">\n\t\t\t\t<div class=\"elementor-widget-container\">\n\t\t\t\t\t\t\t\t\t\t\t\t\t\t\t<img fetchpriority=\"high\" decoding=\"async\" width=\"672\" height=\"1024\" src=\"https:\/\/agrozoocred.com.br\/wp-content\/uploads\/2026\/05\/WhatsApp-Image-2026-05-11-at-13.17.51-672x1024.jpeg\" class=\"attachment-large size-large wp-image-2106\" alt=\"\" srcset=\"https:\/\/agrozoocred.com.br\/wp-content\/uploads\/2026\/05\/WhatsApp-Image-2026-05-11-at-13.17.51-672x1024.jpeg 672w, https:\/\/agrozoocred.com.br\/wp-content\/uploads\/2026\/05\/WhatsApp-Image-2026-05-11-at-13.17.51-197x300.jpeg 197w, https:\/\/agrozoocred.com.br\/wp-content\/uploads\/2026\/05\/WhatsApp-Image-2026-05-11-at-13.17.51-768x1170.jpeg 768w, https:\/\/agrozoocred.com.br\/wp-content\/uploads\/2026\/05\/WhatsApp-Image-2026-05-11-at-13.17.51-1008x1536.jpeg 1008w, https:\/\/agrozoocred.com.br\/wp-content\/uploads\/2026\/05\/WhatsApp-Image-2026-05-11-at-13.17.51.jpeg 1050w\" sizes=\"(max-width: 672px) 100vw, 672px\" \/>\t\t\t\t\t\t\t\t\t\t\t\t\t\t\t<\/div>\n\t\t\t\t<\/div>\n\t\t\t\t<div class=\"elementor-element elementor-element-02c4fc1 elementor-widget elementor-widget-heading\" data-id=\"02c4fc1\" data-element_type=\"widget\" data-e-type=\"widget\" data-widget_type=\"heading.default\">\n\t\t\t\t<div class=\"elementor-widget-container\">\n\t\t\t\t\t<h2 class=\"elementor-heading-title elementor-size-default\">Agrotins 2026<\/h2>\t\t\t\t<\/div>\n\t\t\t\t<\/div>\n\t\t\t\t<\/div>\n\t\t\t\t<\/div>\n\t\t<div class=\"elementor-element elementor-element-7f3ac1b e-con-full e-flex e-con e-child\" data-id=\"7f3ac1b\" data-element_type=\"container\" data-e-type=\"container\">\n\t\t\t\t<div class=\"elementor-element elementor-element-047e5ac elementor-widget elementor-widget-heading\" data-id=\"047e5ac\" data-element_type=\"widget\" data-e-type=\"widget\" data-widget_type=\"heading.default\">\n\t\t\t\t<div class=\"elementor-widget-container\">\n\t\t\t\t\t<h2 class=\"elementor-heading-title elementor-size-default\">Farm Day<\/h2>\t\t\t\t<\/div>\n\t\t\t\t<\/div>\n\t\t<div class=\"elementor-element elementor-element-c7b4cf6 e-con-full e-flex e-con e-child\" data-id=\"c7b4cf6\" data-element_type=\"container\" data-e-type=\"container\">\n\t\t\t\t<div class=\"elementor-element elementor-element-5bc0fe6 elementor-widget elementor-widget-video\" data-id=\"5bc0fe6\" data-element_type=\"widget\" data-e-type=\"widget\" data-settings=\"{&quot;video_type&quot;:&quot;hosted&quot;,&quot;controls&quot;:&quot;yes&quot;}\" data-widget_type=\"video.default\">\n\t\t\t\t<div class=\"elementor-widget-container\">\n\t\t\t\t\t\t\t<div class=\"e-hosted-video elementor-wrapper elementor-open-inline\">\n\t\t\t\t\t<video class=\"elementor-video\" src=\"https:\/\/agrozoocred.com.br\/wp-content\/uploads\/2026\/05\/IMG_6244.mov\" controls=\"\" preload=\"metadata\" controlsList=\"nodownload\"><\/video>\n\t\t\t\t<\/div>\n\t\t\t\t\t\t<\/div>\n\t\t\t\t<\/div>\n\t\t\t\t<div class=\"elementor-element elementor-element-22cb333 elementor-widget elementor-widget-heading\" data-id=\"22cb333\" data-element_type=\"widget\" data-e-type=\"widget\" data-widget_type=\"heading.default\">\n\t\t\t\t<div class=\"elementor-widget-container\">\n\t\t\t\t\t<h2 class=\"elementor-heading-title elementor-size-default\">Farm Day - 16 a 18 de abril 2026<\/h2>\t\t\t\t<\/div>\n\t\t\t\t<\/div>\n\t\t\t\t<\/div>\n\t\t\t\t<\/div>\n\t\t\t\t<\/div>\n\t\t<div class=\"elementor-element elementor-element-2b456ca3 e-con-full e-flex e-con e-parent\" data-id=\"2b456ca3\" data-element_type=\"container\" data-e-type=\"container\">\n\t\t<div class=\"elementor-element elementor-element-574bfcf1 e-con-full e-flex e-con e-child\" data-id=\"574bfcf1\" data-element_type=\"container\" data-e-type=\"container\">\n\t\t\t\t<div class=\"elementor-element elementor-element-30ce7331 elementor-widget elementor-widget-image\" data-id=\"30ce7331\" data-element_type=\"widget\" data-e-type=\"widget\" data-widget_type=\"image.default\">\n\t\t\t\t<div class=\"elementor-widget-container\">\n\t\t\t\t\t\t\t\t\t\t\t\t\t\t\t<img decoding=\"async\" width=\"301\" height=\"60\" src=\"https:\/\/agrozoocred.com.br\/wp-content\/uploads\/2023\/12\/logo-site-azul.png\" class=\"attachment-large size-large wp-image-1447\" alt=\"\" \/>\t\t\t\t\t\t\t\t\t\t\t\t\t\t\t<\/div>\n\t\t\t\t<\/div>\n\t\t\t\t<\/div>\n\t\t<div class=\"elementor-element elementor-element-5cac32e6 e-con-full e-flex e-con e-child\" data-id=\"5cac32e6\" data-element_type=\"container\" data-e-type=\"container\">\n\t\t<div class=\"elementor-element elementor-element-4d474d6f e-con-full e-flex e-con e-child\" data-id=\"4d474d6f\" data-element_type=\"container\" data-e-type=\"container\">\n\t\t\t\t<div class=\"elementor-element elementor-element-52ff1236 elementor-widget elementor-widget-heading\" data-id=\"52ff1236\" data-element_type=\"widget\" data-e-type=\"widget\" data-widget_type=\"heading.default\">\n\t\t\t\t<div class=\"elementor-widget-container\">\n\t\t\t\t\t<h2 class=\"elementor-heading-title elementor-size-default\">Sobre N\u00f3s<\/h2>\t\t\t\t<\/div>\n\t\t\t\t<\/div>\n\t\t\t\t<div class=\"elementor-element elementor-element-3e4178cd elementor-widget elementor-widget-text-editor\" data-id=\"3e4178cd\" data-element_type=\"widget\" data-e-type=\"widget\" data-widget_type=\"text-editor.default\">\n\t\t\t\t<div class=\"elementor-widget-container\">\n\t\t\t\t\t\t\t\t\t<section class=\"text-token-text-primary w-full focus:outline-none [--shadow-height:45px] has-data-writing-block:pointer-events-none has-data-writing-block:-mt-(--shadow-height) has-data-writing-block:pt-(--shadow-height) [&amp;:has([data-writing-block])&gt;*]:pointer-events-auto [content-visibility:auto] supports-[content-visibility:auto]:[contain-intrinsic-size:auto_100lvh] R6Vx5W_threadScrollVars scroll-mb-[calc(var(--scroll-root-safe-area-inset-bottom,0px)+var(--thread-response-height))] scroll-mt-[calc(var(--header-height)+min(200px,max(70px,20svh)))]\" dir=\"auto\" data-turn-id=\"request-WEB:1bf8c433-7880-4d8f-bcec-c81d1fdc98aa-2\" data-testid=\"conversation-turn-6\" data-scroll-anchor=\"false\" data-turn=\"assistant\"><div class=\"text-base my-auto mx-auto pb-10 [--thread-content-margin:var(--thread-content-margin-xs,calc(var(--spacing)*4))] @w-sm\/main:[--thread-content-margin:var(--thread-content-margin-sm,calc(var(--spacing)*6))] @w-lg\/main:[--thread-content-margin:var(--thread-content-margin-lg,calc(var(--spacing)*16))] px-(--thread-content-margin)\"><div class=\"[--thread-content-max-width:40rem] @w-lg\/main:[--thread-content-max-width:48rem] mx-auto max-w-(--thread-content-max-width) flex-1 group\/turn-messages focus-visible:outline-hidden relative flex w-full min-w-0 flex-col agent-turn\"><div class=\"flex max-w-full flex-col gap-4 grow\"><div class=\"min-h-8 text-message relative flex w-full flex-col items-end gap-2 text-start break-words whitespace-normal outline-none keyboard-focused:focus-ring [.text-message+&amp;]:mt-1\" dir=\"auto\" tabindex=\"0\" data-message-author-role=\"assistant\" data-message-id=\"fe559de8-819c-4654-a81a-ec85d279c9b2\" data-message-model-slug=\"gpt-5-3\" data-turn-start-message=\"true\"><div class=\"flex w-full flex-col gap-1 empty:hidden\"><div class=\"markdown prose dark:prose-invert w-full wrap-break-word light markdown-new-styling\"><p>A Agrozoocred \u00e9 uma assessoria financeira especializada no agroneg\u00f3cio, que desenvolve solu\u00e7\u00f5es sob medida para cada cliente. Atuamos desde as linhas tradicionais de cr\u00e9dito rural \u2014 como custeio agr\u00edcola e pecu\u00e1rio, financiamentos, CPR e opera\u00e7\u00f5es de comercializa\u00e7\u00e3o \u2014 at\u00e9 estruturas avan\u00e7adas do mercado financeiro, incluindo opera\u00e7\u00f5es atreladas \u00e0 varia\u00e7\u00e3o do d\u00f3lar.<\/p><p>Com uma atua\u00e7\u00e3o estrat\u00e9gica e personalizada, buscamos as melhores taxas de juros, prazos adequados e efici\u00eancia financeira, conectando produtores e empresas \u00e0s melhores oportunidades do mercado.<\/p><\/div><\/div><\/div><\/div><\/div><\/div><\/section>\t\t\t\t\t\t\t\t<\/div>\n\t\t\t\t<\/div>\n\t\t\t\t<\/div>\n\t\t<div class=\"elementor-element elementor-element-634fe9bb e-con-full e-flex e-con e-child\" data-id=\"634fe9bb\" data-element_type=\"container\" data-e-type=\"container\">\n\t\t\t\t<div class=\"elementor-element elementor-element-5682109b elementor-widget elementor-widget-heading\" data-id=\"5682109b\" data-element_type=\"widget\" data-e-type=\"widget\" data-widget_type=\"heading.default\">\n\t\t\t\t<div class=\"elementor-widget-container\">\n\t\t\t\t\t<h2 class=\"elementor-heading-title elementor-size-default\">Navega\u00e7\u00e3o<\/h2>\t\t\t\t<\/div>\n\t\t\t\t<\/div>\n\t\t<div class=\"elementor-element elementor-element-159efbce e-con-full e-flex e-con e-child\" data-id=\"159efbce\" data-element_type=\"container\" data-e-type=\"container\">\n\t\t\t\t<div class=\"elementor-element elementor-element-167bfa33 elementor-widget elementor-widget-heading\" data-id=\"167bfa33\" data-element_type=\"widget\" data-e-type=\"widget\" data-widget_type=\"heading.default\">\n\t\t\t\t<div class=\"elementor-widget-container\">\n\t\t\t\t\t<h2 class=\"elementor-heading-title elementor-size-default\"><a href=\"https:\/\/agrozoocred.com.br\/\">Home<\/a><\/h2>\t\t\t\t<\/div>\n\t\t\t\t<\/div>\n\t\t\t\t<div class=\"elementor-element elementor-element-2310966b elementor-widget elementor-widget-heading\" data-id=\"2310966b\" data-element_type=\"widget\" data-e-type=\"widget\" data-widget_type=\"heading.default\">\n\t\t\t\t<div class=\"elementor-widget-container\">\n\t\t\t\t\t<h2 class=\"elementor-heading-title elementor-size-default\"><a href=\"https:\/\/agrozoocred.com.br\/index.php\/about\/\">Agrozoocred<\/a><\/h2>\t\t\t\t<\/div>\n\t\t\t\t<\/div>\n\t\t\t\t<div class=\"elementor-element elementor-element-25bc2404 elementor-widget elementor-widget-heading\" data-id=\"25bc2404\" data-element_type=\"widget\" data-e-type=\"widget\" data-widget_type=\"heading.default\">\n\t\t\t\t<div class=\"elementor-widget-container\">\n\t\t\t\t\t<h2 class=\"elementor-heading-title elementor-size-default\"><a href=\"https:\/\/agrozoocred.com.br\/index.php\/contact\/\">Contato<\/a><\/h2>\t\t\t\t<\/div>\n\t\t\t\t<\/div>\n\t\t\t\t<\/div>\n\t\t\t\t<\/div>\n\t\t<div class=\"elementor-element elementor-element-6b5f6809 e-con-full e-flex e-con e-child\" data-id=\"6b5f6809\" data-element_type=\"container\" data-e-type=\"container\">\n\t\t\t\t<div class=\"elementor-element elementor-element-525a8667 elementor-widget elementor-widget-heading\" data-id=\"525a8667\" data-element_type=\"widget\" data-e-type=\"widget\" data-widget_type=\"heading.default\">\n\t\t\t\t<div class=\"elementor-widget-container\">\n\t\t\t\t\t<h2 class=\"elementor-heading-title elementor-size-default\">Contato<\/h2>\t\t\t\t<\/div>\n\t\t\t\t<\/div>\n\t\t<div class=\"elementor-element elementor-element-5bebb1b6 e-con-full e-flex e-con e-child\" data-id=\"5bebb1b6\" data-element_type=\"container\" data-e-type=\"container\">\n\t\t<div class=\"elementor-element elementor-element-52d2cc3 e-con-full e-flex e-con e-child\" data-id=\"52d2cc3\" data-element_type=\"container\" data-e-type=\"container\">\n\t\t\t\t<div class=\"elementor-element elementor-element-1fdbb90a elementor-widget elementor-widget-text-editor\" data-id=\"1fdbb90a\" data-element_type=\"widget\" data-e-type=\"widget\" data-widget_type=\"text-editor.default\">\n\t\t\t\t<div class=\"elementor-widget-container\">\n\t\t\t\t\t\t\t\t\t<p><strong class=\"&quot;til\">Palmas &#8211; TO<br \/><\/strong>Email: <br \/>Contato@agzt.com.br<br \/>Telefone:<br \/>(63) 99978-0220<\/p>\t\t\t\t\t\t\t\t<\/div>\n\t\t\t\t<\/div>\n\t\t\t\t<\/div>\n\t\t<div class=\"elementor-element elementor-element-62af213a e-con-full e-flex e-con e-child\" data-id=\"62af213a\" data-element_type=\"container\" data-e-type=\"container\">\n\t\t\t\t<div class=\"elementor-element elementor-element-5fb25690 elementor-widget elementor-widget-text-editor\" data-id=\"5fb25690\" data-element_type=\"widget\" data-e-type=\"widget\" data-widget_type=\"text-editor.default\">\n\t\t\t\t<div class=\"elementor-widget-container\">\n\t\t\t\t\t\t\t\t\t<p><strong>Lu\u00eds Eduardo Magalh\u00e3es, BA\u00a0<br \/>\u00a0<\/strong>Email:<br \/>Agztpalmas@gmail.com<br \/>Telefone: <br \/>(77) 99965-1122<\/p>\t\t\t\t\t\t\t\t<\/div>\n\t\t\t\t<\/div>\n\t\t\t\t<\/div>\n\t\t<div class=\"elementor-element elementor-element-7ca548f2 e-con-full e-flex e-con e-child\" data-id=\"7ca548f2\" data-element_type=\"container\" data-e-type=\"container\">\n\t\t\t\t<div class=\"elementor-element elementor-element-4548623a elementor-widget elementor-widget-text-editor\" data-id=\"4548623a\" data-element_type=\"widget\" data-e-type=\"widget\" data-widget_type=\"text-editor.default\">\n\t\t\t\t<div class=\"elementor-widget-container\">\n\t\t\t\t\t\t\t\t\t<p><strong>Araguaina &#8211; TO<\/strong> <br \/>Email:<br \/>Agztpalmas@hotmail.com<br \/>Telefone: <br \/>(63) 99282-5533<\/p>\t\t\t\t\t\t\t\t<\/div>\n\t\t\t\t<\/div>\n\t\t\t\t<\/div>\n\t\t\t\t<\/div>\n\t\t\t\t<\/div>\n\t\t\t\t<\/div>\n\t\t\t\t<\/div>\n\t\t\t\t<\/div>\n\t\t","protected":false},"excerpt":{"rendered":"<p>Agrotins Agrotins 2026 Farm Day https:\/\/agrozoocred.com.br\/wp-content\/uploads\/2026\/05\/IMG_6244.mov Farm Day &#8211; 16 a 18 de abril 2026 Sobre N\u00f3s A Agrozoocred \u00e9 uma assessoria financeira especializada no agroneg\u00f3cio, que desenvolve solu\u00e7\u00f5es sob medida para cada cliente. Atuamos desde as linhas tradicionais de cr\u00e9dito rural \u2014 como custeio agr\u00edcola e pecu\u00e1rio, financiamentos, CPR e opera\u00e7\u00f5es de comercializa\u00e7\u00e3o \u2014 [&hellip;]<\/p>\n","protected":false},"author":5,"featured_media":0,"parent":0,"menu_order":0,"comment_status":"closed","ping_status":"closed","template":"","meta":{"footnotes":""},"class_list":["post-2116","page","type-page","status-publish","hentry"],"blocksy_meta":[],"aioseo_notices":[],"_links":{"self":[{"href":"https:\/\/agrozoocred.com.br\/index.php\/wp-json\/wp\/v2\/pages\/2116","targetHints":{"allow":["GET"]}}],"collection":[{"href":"https:\/\/agrozoocred.com.br\/index.php\/wp-json\/wp\/v2\/pages"}],"about":[{"href":"https:\/\/agrozoocred.com.br\/index.php\/wp-json\/wp\/v2\/types\/page"}],"author":[{"embeddable":true,"href":"https:\/\/agrozoocred.com.br\/index.php\/wp-json\/wp\/v2\/users\/5"}],"replies":[{"embeddable":true,"href":"https:\/\/agrozoocred.com.br\/index.php\/wp-json\/wp\/v2\/comments?post=2116"}],"version-history":[{"count":28,"href":"https:\/\/agrozoocred.com.br\/index.php\/wp-json\/wp\/v2\/pages\/2116\/revisions"}],"predecessor-version":[{"id":2154,"href":"https:\/\/agrozoocred.com.br\/index.php\/wp-json\/wp\/v2\/pages\/2116\/revisions\/2154"}],"wp:attachment":[{"href":"https:\/\/agrozoocred.com.br\/index.php\/wp-json\/wp\/v2\/media?parent=2116"}],"curies":[{"name":"wp","href":"https:\/\/api.w.org\/{rel}","templated":true}]}}